{"id":1052,"date":"2020-10-05T00:42:42","date_gmt":"2020-10-05T00:42:42","guid":{"rendered":"http:\/\/ielauravicuna.edu.co\/?page_id=1052"},"modified":"2020-10-21T23:08:06","modified_gmt":"2020-10-21T23:08:06","slug":"apoyospedagogicos","status":"publish","type":"page","link":"https:\/\/ielauravicuna.edu.co\/index.php\/apoyospedagogicos\/","title":{"rendered":"APOYO PEDAG\u00d3GICO"},"content":{"rendered":"<ul class=\"wp-block-latest-posts__list has-dates wp-block-latest-posts\"><li><a class=\"wp-block-latest-posts__post-title\" href=\"https:\/\/ielauravicuna.edu.co\/index.php\/2025\/04\/29\/carnaval-recreativo-celebracion-dia-de-los-ninos\/\">Carnaval recreativo &#8211; celebraci\u00f3n d\u00eda de los ni\u00f1os.<\/a><time datetime=\"2025-04-29T21:35:06+00:00\" class=\"wp-block-latest-posts__post-date\">abril 29, 2025<\/time><div class=\"wp-block-latest-posts__post-full-content\"><!-- wp:image {\"id\":1860,\"sizeSlug\":\"large\",\"linkDestination\":\"media\"} -->\n<figure class=\"wp-block-image size-large\"><a href=\"https:\/\/ielauravicuna.edu.co\/wp-content\/uploads\/2025\/04\/WhatsApp-Image-2025-04-29-at-4.23.24-PM.jpeg\"><img loading=\"lazy\" decoding=\"async\" width=\"576\" height=\"1024\" src=\"https:\/\/ielauravicuna.edu.co\/wp-content\/uploads\/2025\/04\/WhatsApp-Image-2025-04-29-at-4.23.24-PM-576x1024.jpeg\" alt=\"\" class=\"wp-image-1860\" srcset=\"https:\/\/ielauravicuna.edu.co\/wp-content\/uploads\/2025\/04\/WhatsApp-Image-2025-04-29-at-4.23.24-PM-576x1024.jpeg 576w, https:\/\/ielauravicuna.edu.co\/wp-content\/uploads\/2025\/04\/WhatsApp-Image-2025-04-29-at-4.23.24-PM-169x300.jpeg 169w, https:\/\/ielauravicuna.edu.co\/wp-content\/uploads\/2025\/04\/WhatsApp-Image-2025-04-29-at-4.23.24-PM.jpeg 702w\" sizes=\"auto, (max-width: 576px) 100vw, 576px\" \/><\/a><\/figure>\n<!-- \/wp:image --><\/div><\/li>\n<li><a class=\"wp-block-latest-posts__post-title\" href=\"https:\/\/ielauravicuna.edu.co\/index.php\/2025\/04\/11\/nuestra-i-e-para-este-2025\/\">NUESTRA I.E PARA ESTE 2025<\/a><time datetime=\"2025-04-11T16:31:13+00:00\" class=\"wp-block-latest-posts__post-date\">abril 11, 2025<\/time><div class=\"wp-block-latest-posts__post-full-content\"><!-- wp:image {\"align\":\"wide\",\"id\":1825,\"sizeSlug\":\"large\",\"linkDestination\":\"media\"} -->\n<figure class=\"wp-block-image alignwide size-large\"><a href=\"https:\/\/ielauravicuna.edu.co\/wp-content\/uploads\/2025\/04\/profes.png\"><img loading=\"lazy\" decoding=\"async\" width=\"1024\" height=\"346\" src=\"https:\/\/ielauravicuna.edu.co\/wp-content\/uploads\/2025\/04\/profes-1024x346.png\" alt=\"\" class=\"wp-image-1825\" srcset=\"https:\/\/ielauravicuna.edu.co\/wp-content\/uploads\/2025\/04\/profes-1024x346.png 1024w, https:\/\/ielauravicuna.edu.co\/wp-content\/uploads\/2025\/04\/profes-300x101.png 300w, https:\/\/ielauravicuna.edu.co\/wp-content\/uploads\/2025\/04\/profes-768x260.png 768w, https:\/\/ielauravicuna.edu.co\/wp-content\/uploads\/2025\/04\/profes.png 1035w\" sizes=\"auto, (max-width: 1024px) 100vw, 1024px\" \/><\/a><\/figure>\n<!-- \/wp:image -->\n\n<!-- wp:paragraph -->\n<p>Ya hemos iniciado este nuevo 2025, y para nuestra I.E de gran satisfacci\u00f3n y alegr\u00eda por los logros en los resultados acad\u00e9micos en las pruebas del estado, que nos ha puesto en un A+.<\/p>\n<!-- \/wp:paragraph -->\n\n<!-- wp:paragraph -->\n<p>Seguimos en este empe\u00f1o positivos, consolidando por segundo a\u00f1o consecutivo un porcentaje global de 300 puntos, sobresaliendo las \u00e1reas de matem\u00e1ticas, ingl\u00e9s y lectura cr\u00edtica.<\/p>\n<!-- \/wp:paragraph -->\n\n<!-- wp:paragraph -->\n<p>Para la Comunidad Educativa esta ha sido un desaf\u00edo que propende con su misi\u00f3n, el desarrollo \u00f3ptimo de los planes, competencias, est\u00e1ndares y evaluaciones actualizadas, para responder a los desaf\u00edos que la educaci\u00f3n en el hoy nos plantea, estos procesos que, con calidad en todos los ambientes, procurar\u00e1 siempre resultados significativos para cumplir las metas.\u00a0<\/p>\n<!-- \/wp:paragraph -->\n\n<!-- wp:paragraph -->\n<p>Quiero agradecer al grupo de docentes que con su trabajo, empe\u00f1o y esfuerzo nos apoyan en estos resultados, destacar igualmente el apoyo de los padres de familia en todas las iniciativas en diferentes campos en la I.E.<\/p>\n<!-- \/wp:paragraph -->\n\n<!-- wp:paragraph -->\n<p>Seguiremos en este empe\u00f1o no solo de promover ciencia, y conocimientos sino en la promoci\u00f3n de valores y formaci\u00f3n de actitudes en clave cristiana, dentro de un ecosistema que privilegia la convivencia, el respeto y la inclusi\u00f3n, que nos hace m\u00e1s\u00a0 humanos. \u00a0<\/p>\n<!-- \/wp:paragraph --><\/div><\/li>\n<li><a class=\"wp-block-latest-posts__post-title\" href=\"https:\/\/ielauravicuna.edu.co\/index.php\/2024\/09\/20\/cronograma-de-matricula-y-documentacion-para-el-ano-2025-estudiantes-antiguos\/\">Cronograma de matricula y documentaci\u00f3n para el a\u00f1o 2025 estudiantes antiguos<\/a><time datetime=\"2024-09-20T22:07:25+00:00\" class=\"wp-block-latest-posts__post-date\">septiembre 20, 2024<\/time><div class=\"wp-block-latest-posts__post-full-content\"><!-- wp:gallery {\"ids\":[1806],\"linkTo\":\"file\"} -->\n<figure class=\"wp-block-gallery columns-1 is-cropped\"><ul class=\"blocks-gallery-grid\"><li class=\"blocks-gallery-item\"><figure><a href=\"https:\/\/ielauravicuna.edu.co\/wp-content\/uploads\/2024\/09\/WhatsApp-Image-2024-09-20-at-4.10.42-PM-3-1.jpeg\"><img loading=\"lazy\" decoding=\"async\" width=\"669\" height=\"1024\" src=\"https:\/\/ielauravicuna.edu.co\/wp-content\/uploads\/2024\/09\/WhatsApp-Image-2024-09-20-at-4.10.42-PM-3-1-669x1024.jpeg\" alt=\"\" data-id=\"1806\" data-full-url=\"https:\/\/ielauravicuna.edu.co\/wp-content\/uploads\/2024\/09\/WhatsApp-Image-2024-09-20-at-4.10.42-PM-3-1.jpeg\" data-link=\"https:\/\/ielauravicuna.edu.co\/?attachment_id=1806\" class=\"wp-image-1806\" srcset=\"https:\/\/ielauravicuna.edu.co\/wp-content\/uploads\/2024\/09\/WhatsApp-Image-2024-09-20-at-4.10.42-PM-3-1-669x1024.jpeg 669w, https:\/\/ielauravicuna.edu.co\/wp-content\/uploads\/2024\/09\/WhatsApp-Image-2024-09-20-at-4.10.42-PM-3-1-196x300.jpeg 196w, https:\/\/ielauravicuna.edu.co\/wp-content\/uploads\/2024\/09\/WhatsApp-Image-2024-09-20-at-4.10.42-PM-3-1-768x1175.jpeg 768w, https:\/\/ielauravicuna.edu.co\/wp-content\/uploads\/2024\/09\/WhatsApp-Image-2024-09-20-at-4.10.42-PM-3-1-1004x1536.jpeg 1004w, https:\/\/ielauravicuna.edu.co\/wp-content\/uploads\/2024\/09\/WhatsApp-Image-2024-09-20-at-4.10.42-PM-3-1.jpeg 1046w\" sizes=\"auto, (max-width: 669px) 100vw, 669px\" \/><\/a><\/figure><\/li><\/ul><\/figure>\n<!-- \/wp:gallery --><\/div><\/li>\n<li><a class=\"wp-block-latest-posts__post-title\" href=\"https:\/\/ielauravicuna.edu.co\/index.php\/2024\/09\/20\/lista-de-espera-vigencia-2025-para-posibles-cupos\/\">Lista de espera vigencia 2025 para posibles cupos<\/a><time datetime=\"2024-09-20T21:50:42+00:00\" class=\"wp-block-latest-posts__post-date\">septiembre 20, 2024<\/time><div class=\"wp-block-latest-posts__post-full-content\"><!-- wp:gallery {\"ids\":[1801],\"linkTo\":\"file\",\"align\":\"center\"} -->\n<figure class=\"wp-block-gallery aligncenter columns-1 is-cropped\"><ul class=\"blocks-gallery-grid\"><li class=\"blocks-gallery-item\"><figure><a href=\"https:\/\/ielauravicuna.edu.co\/wp-content\/uploads\/2024\/09\/WhatsApp-Image-2024-09-20-at-4.10.42-PM-1.jpeg\"><img loading=\"lazy\" decoding=\"async\" width=\"791\" height=\"1024\" src=\"https:\/\/ielauravicuna.edu.co\/wp-content\/uploads\/2024\/09\/WhatsApp-Image-2024-09-20-at-4.10.42-PM-1-791x1024.jpeg\" alt=\"\" data-id=\"1801\" data-full-url=\"https:\/\/ielauravicuna.edu.co\/wp-content\/uploads\/2024\/09\/WhatsApp-Image-2024-09-20-at-4.10.42-PM-1.jpeg\" data-link=\"https:\/\/ielauravicuna.edu.co\/?attachment_id=1801\" class=\"wp-image-1801\" srcset=\"https:\/\/ielauravicuna.edu.co\/wp-content\/uploads\/2024\/09\/WhatsApp-Image-2024-09-20-at-4.10.42-PM-1-791x1024.jpeg 791w, https:\/\/ielauravicuna.edu.co\/wp-content\/uploads\/2024\/09\/WhatsApp-Image-2024-09-20-at-4.10.42-PM-1-232x300.jpeg 232w, https:\/\/ielauravicuna.edu.co\/wp-content\/uploads\/2024\/09\/WhatsApp-Image-2024-09-20-at-4.10.42-PM-1-768x994.jpeg 768w, https:\/\/ielauravicuna.edu.co\/wp-content\/uploads\/2024\/09\/WhatsApp-Image-2024-09-20-at-4.10.42-PM-1-1187x1536.jpeg 1187w, https:\/\/ielauravicuna.edu.co\/wp-content\/uploads\/2024\/09\/WhatsApp-Image-2024-09-20-at-4.10.42-PM-1.jpeg 1236w\" sizes=\"auto, (max-width: 791px) 100vw, 791px\" \/><\/a><\/figure><\/li><\/ul><\/figure>\n<!-- \/wp:gallery --><\/div><\/li>\n<li><a class=\"wp-block-latest-posts__post-title\" href=\"https:\/\/ielauravicuna.edu.co\/index.php\/2024\/08\/22\/inscripciones-transicion-2025\/\">INSCRIPCIONES TRANSICI\u00d3N 2025<\/a><time datetime=\"2024-08-22T14:22:30+00:00\" class=\"wp-block-latest-posts__post-date\">agosto 22, 2024<\/time><div class=\"wp-block-latest-posts__post-full-content\"><!-- wp:gallery {\"ids\":[1789,1790],\"linkTo\":\"file\",\"align\":\"full\"} -->\n<figure class=\"wp-block-gallery alignfull columns-2 is-cropped\"><ul class=\"blocks-gallery-grid\"><li class=\"blocks-gallery-item\"><figure><a href=\"https:\/\/ielauravicuna.edu.co\/wp-content\/uploads\/2024\/08\/WhatsApp-Image-2024-08-21-at-8.00.28-AM.jpeg\"><img loading=\"lazy\" decoding=\"async\" width=\"1024\" height=\"576\" src=\"https:\/\/ielauravicuna.edu.co\/wp-content\/uploads\/2024\/08\/WhatsApp-Image-2024-08-21-at-8.00.28-AM-1024x576.jpeg\" alt=\"\" data-id=\"1789\" data-full-url=\"https:\/\/ielauravicuna.edu.co\/wp-content\/uploads\/2024\/08\/WhatsApp-Image-2024-08-21-at-8.00.28-AM.jpeg\" data-link=\"https:\/\/ielauravicuna.edu.co\/?attachment_id=1789\" class=\"wp-image-1789\" srcset=\"https:\/\/ielauravicuna.edu.co\/wp-content\/uploads\/2024\/08\/WhatsApp-Image-2024-08-21-at-8.00.28-AM-1024x576.jpeg 1024w, https:\/\/ielauravicuna.edu.co\/wp-content\/uploads\/2024\/08\/WhatsApp-Image-2024-08-21-at-8.00.28-AM-300x169.jpeg 300w, https:\/\/ielauravicuna.edu.co\/wp-content\/uploads\/2024\/08\/WhatsApp-Image-2024-08-21-at-8.00.28-AM-768x432.jpeg 768w, https:\/\/ielauravicuna.edu.co\/wp-content\/uploads\/2024\/08\/WhatsApp-Image-2024-08-21-at-8.00.28-AM-373x210.jpeg 373w, https:\/\/ielauravicuna.edu.co\/wp-content\/uploads\/2024\/08\/WhatsApp-Image-2024-08-21-at-8.00.28-AM.jpeg 1366w\" sizes=\"auto, (max-width: 1024px) 100vw, 1024px\" \/><\/a><\/figure><\/li><li class=\"blocks-gallery-item\"><figure><a href=\"https:\/\/ielauravicuna.edu.co\/wp-content\/uploads\/2024\/08\/WhatsApp-Image-2024-08-21-at-8.00.29-AM.jpeg\"><img loading=\"lazy\" decoding=\"async\" width=\"1024\" height=\"576\" src=\"https:\/\/ielauravicuna.edu.co\/wp-content\/uploads\/2024\/08\/WhatsApp-Image-2024-08-21-at-8.00.29-AM-1024x576.jpeg\" alt=\"\" data-id=\"1790\" data-full-url=\"https:\/\/ielauravicuna.edu.co\/wp-content\/uploads\/2024\/08\/WhatsApp-Image-2024-08-21-at-8.00.29-AM.jpeg\" data-link=\"https:\/\/ielauravicuna.edu.co\/?attachment_id=1790\" class=\"wp-image-1790\" srcset=\"https:\/\/ielauravicuna.edu.co\/wp-content\/uploads\/2024\/08\/WhatsApp-Image-2024-08-21-at-8.00.29-AM-1024x576.jpeg 1024w, https:\/\/ielauravicuna.edu.co\/wp-content\/uploads\/2024\/08\/WhatsApp-Image-2024-08-21-at-8.00.29-AM-300x169.jpeg 300w, https:\/\/ielauravicuna.edu.co\/wp-content\/uploads\/2024\/08\/WhatsApp-Image-2024-08-21-at-8.00.29-AM-768x432.jpeg 768w, https:\/\/ielauravicuna.edu.co\/wp-content\/uploads\/2024\/08\/WhatsApp-Image-2024-08-21-at-8.00.29-AM-373x210.jpeg 373w, https:\/\/ielauravicuna.edu.co\/wp-content\/uploads\/2024\/08\/WhatsApp-Image-2024-08-21-at-8.00.29-AM.jpeg 1366w\" sizes=\"auto, (max-width: 1024px) 100vw, 1024px\" \/><\/a><\/figure><\/li><\/ul><\/figure>\n<!-- \/wp:gallery -->\n\n<!-- wp:paragraph -->\n<p><\/p>\n<!-- \/wp:paragraph --><\/div><\/li>\n<\/ul>","protected":false},"excerpt":{"rendered":"","protected":false},"author":1,"featured_media":0,"parent":0,"menu_order":0,"comment_status":"closed","ping_status":"closed","template":"","meta":{"footnotes":""},"class_list":["post-1052","page","type-page","status-publish","hentry","entry"],"_links":{"self":[{"href":"https:\/\/ielauravicuna.edu.co\/index.php\/wp-json\/wp\/v2\/pages\/1052","targetHints":{"allow":["GET"]}}],"collection":[{"href":"https:\/\/ielauravicuna.edu.co\/index.php\/wp-json\/wp\/v2\/pages"}],"about":[{"href":"https:\/\/ielauravicuna.edu.co\/index.php\/wp-json\/wp\/v2\/types\/page"}],"author":[{"embeddable":true,"href":"https:\/\/ielauravicuna.edu.co\/index.php\/wp-json\/wp\/v2\/users\/1"}],"replies":[{"embeddable":true,"href":"https:\/\/ielauravicuna.edu.co\/index.php\/wp-json\/wp\/v2\/comments?post=1052"}],"version-history":[{"count":4,"href":"https:\/\/ielauravicuna.edu.co\/index.php\/wp-json\/wp\/v2\/pages\/1052\/revisions"}],"predecessor-version":[{"id":1221,"href":"https:\/\/ielauravicuna.edu.co\/index.php\/wp-json\/wp\/v2\/pages\/1052\/revisions\/1221"}],"wp:attachment":[{"href":"https:\/\/ielauravicuna.edu.co\/index.php\/wp-json\/wp\/v2\/media?parent=1052"}],"curies":[{"name":"wp","href":"https:\/\/api.w.org\/{rel}","templated":true}]}}